{"id":155,"date":"2025-11-26T17:44:36","date_gmt":"2025-11-26T20:44:36","guid":{"rendered":"https:\/\/spepm.misiones.gob.ar\/?page_id=155"},"modified":"2025-11-26T17:44:37","modified_gmt":"2025-11-26T20:44:37","slug":"preguntas-frecuentes","status":"publish","type":"page","link":"https:\/\/spepm.misiones.gob.ar\/index.php\/preguntas-frecuentes\/","title":{"rendered":"Preguntas frecuentes"},"content":{"rendered":"\n<p><strong>Academias\/Cursos<\/strong><\/p>\n\n\n\n<p>Si quer\u00e9s abrir una Academia para dar cursos (ingl\u00e9s, peluquer\u00eda, PC, etc.) deb\u00e9s registrar tu academia en el SPEPM.<\/p>\n\n\n\n<p>Para eso visita el siguiente enlace:\u00a0<\/p>\n\n\n\n<p>Tendr\u00e1s todas las instrucciones de c\u00f3mo completar el formulario para presentar al SPEPM para abrir tu academia.<\/p>\n\n\n\n<p><\/p>\n\n\n\n<p><strong>Abrir Legajo Docente<\/strong><\/p>\n\n\n\n<p>Si sos docente no necesitas abrir legajo en el SPEPM, simplemente deb\u00e9s acercarte a la Instituci\u00f3n Publica de Gesti\u00f3n Privada donde te interesar\u00eda trabajar y presentar tu curr\u00edculo.<\/p>\n\n\n\n<p><strong>T\u00edtulo<\/strong><\/p>\n\n\n\n<p>Si perdiste\/extraviaste tu t\u00edtulo deb\u00e9s acercarte a la instituci\u00f3n de donde egresaste y solicitar un duplicado. Ellos confeccionar\u00e1n un nuevo t\u00edtulo para ti.<\/p>\n\n\n\n<p>La autenticaci\u00f3n y legalizaci\u00f3n solo aplican a t\u00edtulos impresos emitidos antes de 2023.<\/p>\n\n\n\n<p>Si quer\u00e9s \u201clegalizar\u201d tu t\u00edtulo debes dirigirte a la chacra 32\/33 en el Registro de las Personas de la ciudad de Posadas. Si quer\u00e9s \u201cautenticar\u201d una copia de tu t\u00edtulo deb\u00e9s acercarte al SPEPM con tu t\u00edtulo original y la copia para que sea autenticada.<\/p>\n\n\n\n<p>T\u00edtulos digitales<\/p>\n\n\n\n<p>Todos los t\u00edtulos ahora son digitales. La instituci\u00f3n donde egresaste te proporcionar\u00e1 una URL oficial donde pod\u00e9s consultar y validar tu t\u00edtulo digital con toda la informaci\u00f3n correspondiente.<\/p>\n\n\n\n<p><strong><br>Jubilaci\u00f3n<\/strong><\/p>\n\n\n\n<p>Pod\u00e9s consultar en el sitio web del IPS o dirigirte a sus oficinas para solicitar los requisitos para la jubilaci\u00f3n.&nbsp;<\/p>\n\n\n\n<p>Posteriormente deber\u00e1s dirigirte a la\/s instituci\u00f3n\/es donde prestaste servicio y ellos elaboran los formularios que corresponda.<\/p>\n\n\n\n<p>La jubilaci\u00f3n es un beneficio previsional exclusivo del IPS, en el caso de los Establecimientos Educacionales de Gesti\u00f3n Privada con aportes del Estado Provincial, corre por cuenta y orden de los Sres. Representantes Legales. Es decir, los aportes personales y contribuciones patronales a los reg\u00edmenes social y previsional que se abonan al (IPS) Instituto de Previsi\u00f3n Social.<\/p>\n\n\n\n<p>Por ende, el docente deber\u00e1 recurrir al instituto donde prest\u00f3 servicios y solicitar mediante nota, para iniciar su tr\u00e1mite de jubilaci\u00f3n, ya que dicho tr\u00e1mite es responsabilidad de la entidad propietaria.<\/p>\n\n\n\n<p><strong>Contacto del SPEPM (Servicio Provincial de Ense\u00f1anza Privada de Misiones)<\/strong><\/p>\n\n\n\n<p>Si quer\u00e9s comunicarte con el SPEPM lo pod\u00e9s hacer a trav\u00e9s del correo&nbsp;<a href=\"mailto:recepcionspepm@gmail.com\">recepcionspepm@gmail.com<\/a>&nbsp;o al n\u00famero telef\u00f3nico (03764) 447382.<\/p>\n\n\n\n<p>Ubicaci\u00f3n &#8211; Direcci\u00f3n: Miguel D\u00e1vila 976, Centro C\u00edvico,&nbsp;3er edificio, 3er Piso, Posadas, Misiones<\/p>\n\n\n\n<p>Horario de atenci\u00f3n: desde las 7hrs a 12:30 de lunes a viernes. Durante el receso escolar estos horarios pueden variar.<\/p>\n","protected":false},"excerpt":{"rendered":"<p>Academias\/Cursos Si quer\u00e9s abrir una Academia para dar cursos (ingl\u00e9s, peluquer\u00eda, PC, etc.) deb\u00e9s registrar tu academia en el SPEPM. [&hellip;]<\/p>\n","protected":false},"author":1,"featured_media":0,"parent":0,"menu_order":0,"comment_status":"closed","ping_status":"closed","template":"","meta":{"site-sidebar-layout":"default","site-content-layout":"","ast-site-content-layout":"default","site-content-style":"default","site-sidebar-style":"default","ast-global-header-display":"","ast-banner-title-visibility":"","ast-main-header-display":"","ast-hfb-above-header-display":"","ast-hfb-below-header-display":"","ast-hfb-mobile-header-display":"","site-post-title":"","ast-breadcrumbs-content":"","ast-featured-img":"","footer-sml-layout":"","theme-transparent-header-meta":"","adv-header-id-meta":"","stick-header-meta":"","header-above-stick-meta":"","header-main-stick-meta":"","header-below-stick-meta":"","astra-migrate-meta-layouts":"default","ast-page-background-enabled":"default","ast-page-background-meta":{"desktop":{"background-color":"var(--ast-global-color-5)","background-image":"","background-repeat":"repeat","background-position":"center center","background-size":"auto","background-attachment":"scroll","background-type":"","background-media":"","overlay-type":"","overlay-color":"","overlay-opacity":"","overlay-gradient":""},"tablet":{"background-color":"","background-image":"","background-repeat":"repeat","background-position":"center center","background-size":"auto","background-attachment":"scroll","background-type":"","background-media":"","overlay-type":"","overlay-color":"","overlay-opacity":"","overlay-gradient":""},"mobile":{"background-color":"","background-image":"","background-repeat":"repeat","background-position":"center center","background-size":"auto","background-attachment":"scroll","background-type":"","background-media":"","overlay-type":"","overlay-color":"","overlay-opacity":"","overlay-gradient":""}},"ast-content-background-meta":{"desktop":{"background-color":"var(--ast-global-color-4)","background-image":"","background-repeat":"repeat","background-position":"center center","background-size":"auto","background-attachment":"scroll","background-type":"","background-media":"","overlay-type":"","overlay-color":"","overlay-opacity":"","overlay-gradient":""},"tablet":{"background-color":"var(--ast-global-color-4)","background-image":"","background-repeat":"repeat","background-position":"center center","background-size":"auto","background-attachment":"scroll","background-type":"","background-media":"","overlay-type":"","overlay-color":"","overlay-opacity":"","overlay-gradient":""},"mobile":{"background-color":"var(--ast-global-color-4)","background-image":"","background-repeat":"repeat","background-position":"center center","background-size":"auto","background-attachment":"scroll","background-type":"","background-media":"","overlay-type":"","overlay-color":"","overlay-opacity":"","overlay-gradient":""}},"footnotes":""},"class_list":["post-155","page","type-page","status-publish","hentry"],"_links":{"self":[{"href":"https:\/\/spepm.misiones.gob.ar\/index.php\/wp-json\/wp\/v2\/pages\/155","targetHints":{"allow":["GET"]}}],"collection":[{"href":"https:\/\/spepm.misiones.gob.ar\/index.php\/wp-json\/wp\/v2\/pages"}],"about":[{"href":"https:\/\/spepm.misiones.gob.ar\/index.php\/wp-json\/wp\/v2\/types\/page"}],"author":[{"embeddable":true,"href":"https:\/\/spepm.misiones.gob.ar\/index.php\/wp-json\/wp\/v2\/users\/1"}],"replies":[{"embeddable":true,"href":"https:\/\/spepm.misiones.gob.ar\/index.php\/wp-json\/wp\/v2\/comments?post=155"}],"version-history":[{"count":1,"href":"https:\/\/spepm.misiones.gob.ar\/index.php\/wp-json\/wp\/v2\/pages\/155\/revisions"}],"predecessor-version":[{"id":156,"href":"https:\/\/spepm.misiones.gob.ar\/index.php\/wp-json\/wp\/v2\/pages\/155\/revisions\/156"}],"wp:attachment":[{"href":"https:\/\/spepm.misiones.gob.ar\/index.php\/wp-json\/wp\/v2\/media?parent=155"}],"curies":[{"name":"wp","href":"https:\/\/api.w.org\/{rel}","templated":true}]}}