{"id":149,"date":"2025-11-26T17:32:23","date_gmt":"2025-11-26T20:32:23","guid":{"rendered":"https:\/\/spepm.misiones.gob.ar\/?page_id=149"},"modified":"2025-12-03T08:36:33","modified_gmt":"2025-12-03T11:36:33","slug":"academias","status":"publish","type":"page","link":"https:\/\/spepm.misiones.gob.ar\/index.php\/academias\/","title":{"rendered":"Academias"},"content":{"rendered":"\n<p><strong>Registro de Academias \u2013 Descargue aqu\u00ed el formulario de Inscripci\u00f3n<\/strong><\/p>\n\n\n\n<p>Antes de descargar el formulario de car\u00e1cter de &#8220;<strong><em>DECLARACION JURADA<\/em><\/strong>&#8220;, se informa que <strong>esta inscripci\u00f3n no implica incorporaci\u00f3n a la ense\u00f1anza oficial ni supone aval pedag\u00f3gico del SPEPM.<\/strong><\/p>\n\n\n\n<p>Los cursos, certificados o diplomas emitidos por estos Establecimientos <strong>carecen de validez oficial<\/strong>, y en toda documentaci\u00f3n deber\u00e1 constar la leyenda: <strong>\u201cT\u00cdTULOS SIN VALIDEZ OFICIAL\u201d.<\/strong><\/p>\n\n\n\n<p><strong>Descarga<\/strong><\/p>\n\n\n\n<p>\ud83d\udc49 <strong><a href=\"https:\/\/spepm.misiones.gob.ar\/wp-content\/uploads\/2025\/12\/Registro-para-abrir-Academias-2023.doc\" data-type=\"link\" data-id=\"https:\/\/spepm.misiones.gob.ar\/wp-content\/uploads\/2025\/12\/Registro-para-abrir-Academias-2023.doc\" target=\"_blank\" rel=\"noreferrer noopener\">Descargue aqu\u00ed el formulario<\/a><\/strong><\/p>\n\n\n\n<p><strong>Nota<\/strong><\/p>\n\n\n\n<ul class=\"wp-block-list\">\n<li>La Declaraci\u00f3n Jurada debe ser <strong>completada en forma digital<\/strong>, de manera clara y legible, sin enmiendas ni tachaduras<\/li>\n\n\n\n<li>Se confeccionar\u00e1n dos ejemplares de un mismo tenor (uno queda reservado en el S.P.E.P.M. y el otro se le entrega al peticionante con el N\u00ba de Actuaci\u00f3n correspondiente).<\/li>\n\n\n\n<li>Ambos ejemplares ser\u00e1n firmados por el Titular, en el momento de entregarlos a Mesa de Entradas.<\/li>\n<\/ul>\n\n\n\n<h3 class=\"wp-block-heading\"><strong>Circular 02\/12 \u2013 Publicidad Enga\u00f1osa en Academias<\/strong><\/h3>\n\n\n\n<p>Se informa que deben tomar conocimiento de la <strong>Circular 02\/12<\/strong>, donde se recuerdan las pautas legales sobre la difusi\u00f3n de ofertas educativas y la prohibici\u00f3n de realizar <strong>publicidad enga\u00f1osa<\/strong> respecto de cursos sin validez oficial.<br>Se solicita <strong>leer detenidamente la circular<\/strong> para evitar incumplimientos y sanciones.<\/p>\n\n\n\n<p>\ud83d\udc49 <strong><a href=\"https:\/\/drive.google.com\/file\/d\/1NcAetiNbOJzaSmJHT99ZwjxQspACKVB9\/view?usp=sharing\" data-type=\"link\" data-id=\"https:\/\/drive.google.com\/file\/d\/1NcAetiNbOJzaSmJHT99ZwjxQspACKVB9\/view?usp=sharing\" target=\"_blank\" rel=\"noreferrer noopener\">Acceder a la Circular 02\/12<\/a><\/strong><\/p>\n\n\n\n<p><\/p>\n","protected":false},"excerpt":{"rendered":"<p>Registro de Academias \u2013 Descargue aqu\u00ed el formulario de Inscripci\u00f3n Antes de descargar el formulario de car\u00e1cter de &#8220;DECLARACION JURADA&#8220;, [&hellip;]<\/p>\n","protected":false},"author":1,"featured_media":0,"parent":0,"menu_order":0,"comment_status":"closed","ping_status":"closed","template":"","meta":{"site-sidebar-layout":"default","site-content-layout":"","ast-site-content-layout":"default","site-content-style":"default","site-sidebar-style":"default","ast-global-header-display":"","ast-banner-title-visibility":"","ast-main-header-display":"","ast-hfb-above-header-display":"","ast-hfb-below-header-display":"","ast-hfb-mobile-header-display":"","site-post-title":"","ast-breadcrumbs-content":"","ast-featured-img":"","footer-sml-layout":"","theme-transparent-header-meta":"","adv-header-id-meta":"","stick-header-meta":"","header-above-stick-meta":"","header-main-stick-meta":"","header-below-stick-meta":"","astra-migrate-meta-layouts":"default","ast-page-background-enabled":"default","ast-page-background-meta":{"desktop":{"background-color":"var(--ast-global-color-5)","background-image":"","background-repeat":"repeat","background-position":"center center","background-size":"auto","background-attachment":"scroll","background-type":"","background-media":"","overlay-type":"","overlay-color":"","overlay-opacity":"","overlay-gradient":""},"tablet":{"background-color":"","background-image":"","background-repeat":"repeat","background-position":"center center","background-size":"auto","background-attachment":"scroll","background-type":"","background-media":"","overlay-type":"","overlay-color":"","overlay-opacity":"","overlay-gradient":""},"mobile":{"background-color":"","background-image":"","background-repeat":"repeat","background-position":"center center","background-size":"auto","background-attachment":"scroll","background-type":"","background-media":"","overlay-type":"","overlay-color":"","overlay-opacity":"","overlay-gradient":""}},"ast-content-background-meta":{"desktop":{"background-color":"var(--ast-global-color-4)","background-image":"","background-repeat":"repeat","background-position":"center center","background-size":"auto","background-attachment":"scroll","background-type":"","background-media":"","overlay-type":"","overlay-color":"","overlay-opacity":"","overlay-gradient":""},"tablet":{"background-color":"var(--ast-global-color-4)","background-image":"","background-repeat":"repeat","background-position":"center center","background-size":"auto","background-attachment":"scroll","background-type":"","background-media":"","overlay-type":"","overlay-color":"","overlay-opacity":"","overlay-gradient":""},"mobile":{"background-color":"var(--ast-global-color-4)","background-image":"","background-repeat":"repeat","background-position":"center center","background-size":"auto","background-attachment":"scroll","background-type":"","background-media":"","overlay-type":"","overlay-color":"","overlay-opacity":"","overlay-gradient":""}},"footnotes":""},"class_list":["post-149","page","type-page","status-publish","hentry"],"_links":{"self":[{"href":"https:\/\/spepm.misiones.gob.ar\/index.php\/wp-json\/wp\/v2\/pages\/149","targetHints":{"allow":["GET"]}}],"collection":[{"href":"https:\/\/spepm.misiones.gob.ar\/index.php\/wp-json\/wp\/v2\/pages"}],"about":[{"href":"https:\/\/spepm.misiones.gob.ar\/index.php\/wp-json\/wp\/v2\/types\/page"}],"author":[{"embeddable":true,"href":"https:\/\/spepm.misiones.gob.ar\/index.php\/wp-json\/wp\/v2\/users\/1"}],"replies":[{"embeddable":true,"href":"https:\/\/spepm.misiones.gob.ar\/index.php\/wp-json\/wp\/v2\/comments?post=149"}],"version-history":[{"count":5,"href":"https:\/\/spepm.misiones.gob.ar\/index.php\/wp-json\/wp\/v2\/pages\/149\/revisions"}],"predecessor-version":[{"id":164,"href":"https:\/\/spepm.misiones.gob.ar\/index.php\/wp-json\/wp\/v2\/pages\/149\/revisions\/164"}],"wp:attachment":[{"href":"https:\/\/spepm.misiones.gob.ar\/index.php\/wp-json\/wp\/v2\/media?parent=149"}],"curies":[{"name":"wp","href":"https:\/\/api.w.org\/{rel}","templated":true}]}}